{"id":1541,"date":"2024-12-12T23:41:17","date_gmt":"2024-12-12T23:41:17","guid":{"rendered":"https:\/\/wantedimport.com\/?post_type=product&#038;p=1541"},"modified":"2025-10-02T09:39:24","modified_gmt":"2025-10-02T09:39:24","slug":"bliss-gut-and-digestive-health","status":"publish","type":"product","link":"https:\/\/wantedimport.com\/index.php\/product\/bliss-gut-and-digestive-health\/","title":{"rendered":"BLISS Gut And Digestive Health"},"content":{"rendered":"<p>Bliss Gut Health es el suplemento definitivo que tu cuerpo necesita para tener un intestino sano, niveles estables de az\u00facar en sangre y una mejor composici\u00f3n corporal. Repleto de ingredientes respaldados por la ciencia, no solo mejora tu salud digestiva, sino que tambi\u00e9n eleva tu bienestar general.<\/p>\n<p>Bliss es un producto transformador dise\u00f1ado para mejorar no solo su digesti\u00f3n, sino tambi\u00e9n su composici\u00f3n corporal y su salud en general. Este suplemento todo en uno est\u00e1 formulado cient\u00edficamente para combatir eficazmente la hinchaz\u00f3n, reducir los gases y promover un intestino sano, al mismo tiempo que mejora su energ\u00eda y bienestar. Con su combinaci\u00f3n \u00fanica de ingredientes basados \u200b\u200ben evidencia, Bliss ofrece una variedad de beneficios que pueden tener un impacto positivo en su vida diaria.<\/p>\n<ul>\n<li>Apoya la salud intestinal.<\/li>\n<li>Apoya la microflora intestinal normal.<\/li>\n<li>Ayuda con la hinchaz\u00f3n ocasional.<\/li>\n<li>Apoya el metabolismo de la glucosa.<\/li>\n<li>Apoya el control de la grasa corporal.<\/li>\n<li>Producto vegano.<\/li>\n<li>Para hombres y mujeres.<\/li>\n<\/ul>\n<p>Seguir las instrucciones en el bote.<\/p>\n","protected":false},"excerpt":{"rendered":"<p>Bliss Gut Health es el suplemento definitivo que tu cuerpo necesita para tener un intestino sano, niveles estables de az\u00facar en sangre y una mejor composici\u00f3n corporal. Repleto de ingredientes respaldados por la ciencia, no solo mejora tu salud digestiva, sino que tambi\u00e9n eleva tu bienestar general. Bliss es un producto transformador dise\u00f1ado para mejorar [&hellip;]<\/p>\n","protected":false},"featured_media":0,"comment_status":"open","ping_status":"closed","template":"","meta":[],"product_cat":[26],"product_tag":[],"class_list":["post-1541","product","type-product","status-publish","hentry","product_cat-health"],"_links":{"self":[{"href":"https:\/\/wantedimport.com\/index.php\/wp-json\/wp\/v2\/product\/1541","targetHints":{"allow":["GET"]}}],"collection":[{"href":"https:\/\/wantedimport.com\/index.php\/wp-json\/wp\/v2\/product"}],"about":[{"href":"https:\/\/wantedimport.com\/index.php\/wp-json\/wp\/v2\/types\/product"}],"replies":[{"embeddable":true,"href":"https:\/\/wantedimport.com\/index.php\/wp-json\/wp\/v2\/comments?post=1541"}],"wp:attachment":[{"href":"https:\/\/wantedimport.com\/index.php\/wp-json\/wp\/v2\/media?parent=1541"}],"wp:term":[{"taxonomy":"product_cat","embeddable":true,"href":"https:\/\/wantedimport.com\/index.php\/wp-json\/wp\/v2\/product_cat?post=1541"},{"taxonomy":"product_tag","embeddable":true,"href":"https:\/\/wantedimport.com\/index.php\/wp-json\/wp\/v2\/product_tag?post=1541"}],"curies":[{"name":"wp","href":"https:\/\/api.w.org\/{rel}","templated":true}]}}