{"id":1463,"date":"2022-10-26T03:15:06","date_gmt":"2022-10-26T03:15:06","guid":{"rendered":"https:\/\/wantedimport.com\/?post_type=product&#038;p=1463"},"modified":"2025-04-13T16:38:52","modified_gmt":"2025-04-13T16:38:52","slug":"hydrolyzed-multi-collagen-chocolate","status":"publish","type":"product","link":"https:\/\/wantedimport.com\/index.php\/product\/hydrolyzed-multi-collagen-chocolate\/","title":{"rendered":"HYDROLYZED MULTI COLLAGEN &#8211; CHOCOLATE"},"content":{"rendered":"<ul class=\"product-list-points product-list-pills\">\n<li data-open-accessibility-text-original=\"16px\"><b><span style=\"vertical-align: inherit;\"><span style=\"vertical-align: inherit;\">Apoya la salud de la piel, el cabello y las u\u00f1as:<\/span><\/span><\/b><span style=\"vertical-align: inherit;\"><span style=\"vertical-align: inherit;\"> \u00a0la combinaci\u00f3n de nuestros seis ingredientes ayuda a mejorar dr\u00e1sticamente la calidad y la salud de nuestra piel, mejorando su firmeza, brillo y elasticidad, al mismo tiempo ayuda con la ca\u00edda del cabello y mejora el brillo y la fuerza de nuestra piel. cabello, tambi\u00e9n ayuda con la rotura de las u\u00f1as y ayuda a que se mantengan m\u00e1s fuertes.<\/span><\/span><\/li>\n<li data-open-accessibility-text-original=\"16px\"><b><span style=\"vertical-align: inherit;\"><span style=\"vertical-align: inherit;\">Aumenta el brillo y la luminosidad de la piel y apoya la elasticidad y firmeza de la piel:<\/span><\/span><\/b><span style=\"vertical-align: inherit;\"><span style=\"vertical-align: inherit;\"> \u00a0uno de nuestros componentes, Cynatin HNS, tiene estudios cl\u00ednicos que confirman que con el uso continuo del producto despu\u00e9s de 90 d\u00edas, el brillo, el brillo y la firmeza de nuestra piel mejoran considerablemente.<\/span><\/span><\/li>\n<li data-open-accessibility-text-original=\"16px\"><b><span style=\"vertical-align: inherit;\"><span style=\"vertical-align: inherit;\">Apoya la salud de los huesos y las articulaciones:<\/span><\/span><\/b><span style=\"vertical-align: inherit;\"><span style=\"vertical-align: inherit;\"> \u00a0la combinaci\u00f3n de \u00e1cido hialur\u00f3nico y p\u00e9ptidos de col\u00e1geno ayuda a mejorar nuestra salud de las articulaciones y los huesos. <\/span><span style=\"vertical-align: inherit;\">Los estudios han encontrado que la suplementaci\u00f3n con col\u00e1geno hidrolizado puede ayudar a prevenir la p\u00e9rdida \u00f3sea relacionada con la edad, aumentar la formaci\u00f3n \u00f3sea y reducir la degradaci\u00f3n \u00f3sea.<\/span><\/span><\/li>\n<li data-open-accessibility-text-original=\"16px\"><b><span style=\"vertical-align: inherit;\"><span style=\"vertical-align: inherit;\">Apoya el sistema digestivo saludable:<\/span><\/span><\/b><span style=\"vertical-align: inherit;\"><span style=\"vertical-align: inherit;\"> \u00a0el col\u00e1geno juega un papel integral en la reconstrucci\u00f3n y el fortalecimiento del revestimiento de nuestro tracto digestivo, ya que contiene los amino\u00e1cidos, glicina y glutamina, que son esenciales para su reparaci\u00f3n.<\/span><\/span><\/li>\n<li data-open-accessibility-text-original=\"16px\"><b><span style=\"vertical-align: inherit;\"><span style=\"vertical-align: inherit;\">Aumenta la masa muscular magra saludable:<\/span><\/span><\/b><span style=\"vertical-align: inherit;\"><span style=\"vertical-align: inherit;\"> \u00a0el col\u00e1geno es una forma de prote\u00edna y, como sabemos, la prote\u00edna es esencial para la masa muscular magra. <\/span><span style=\"vertical-align: inherit;\">El col\u00e1geno tambi\u00e9n tiene los amino\u00e1cidos arginina y glicina, componentes importantes de la creatina. <\/span><span style=\"vertical-align: inherit;\">Ya hay mucha evidencia de que la creatina ayuda a mejorar la masa muscular, desarrollar fuerza y \u200b\u200bmejorar el rendimiento deportivo.<\/span><\/span><\/li>\n<li data-open-accessibility-text-original=\"16px\"><b><span style=\"vertical-align: inherit;\"><span style=\"vertical-align: inherit;\">F\u00e1cil de mezclar.<\/span><\/span><\/b><\/li>\n<li data-open-accessibility-text-original=\"16px\"><b><span style=\"vertical-align: inherit;\"><span style=\"vertical-align: inherit;\">Para hombre y mujer.<\/span><\/span><\/b><\/li>\n<li data-open-accessibility-text-original=\"16px\"><b><span style=\"vertical-align: inherit;\"><span style=\"vertical-align: inherit;\">Sabor incre\u00edble.<\/span><\/span><\/b><\/li>\n<li data-open-accessibility-text-original=\"16px\"><b><span style=\"vertical-align: inherit;\"><span style=\"vertical-align: inherit;\">Contiene colorantes y sabores naturales sin edulcorantes artificiales.<\/span><\/span><\/b><\/li>\n<li data-open-accessibility-text-original=\"16px\"><\/li>\n<\/ul>\n","protected":false},"excerpt":{"rendered":"<p><span style=\"vertical-align: inherit;\"><span style=\"vertical-align: inherit;\">Chocolate<\/span><\/span><\/p>\n","protected":false},"featured_media":1413,"comment_status":"open","ping_status":"closed","template":"","meta":[],"product_cat":[20],"product_tag":[],"class_list":["post-1463","product","type-product","status-publish","has-post-thumbnail","hentry","product_cat-fitness"],"_links":{"self":[{"href":"https:\/\/wantedimport.com\/index.php\/wp-json\/wp\/v2\/product\/1463","targetHints":{"allow":["GET"]}}],"collection":[{"href":"https:\/\/wantedimport.com\/index.php\/wp-json\/wp\/v2\/product"}],"about":[{"href":"https:\/\/wantedimport.com\/index.php\/wp-json\/wp\/v2\/types\/product"}],"replies":[{"embeddable":true,"href":"https:\/\/wantedimport.com\/index.php\/wp-json\/wp\/v2\/comments?post=1463"}],"wp:featuredmedia":[{"embeddable":true,"href":"https:\/\/wantedimport.com\/index.php\/wp-json\/wp\/v2\/media\/1413"}],"wp:attachment":[{"href":"https:\/\/wantedimport.com\/index.php\/wp-json\/wp\/v2\/media?parent=1463"}],"wp:term":[{"taxonomy":"product_cat","embeddable":true,"href":"https:\/\/wantedimport.com\/index.php\/wp-json\/wp\/v2\/product_cat?post=1463"},{"taxonomy":"product_tag","embeddable":true,"href":"https:\/\/wantedimport.com\/index.php\/wp-json\/wp\/v2\/product_tag?post=1463"}],"curies":[{"name":"wp","href":"https:\/\/api.w.org\/{rel}","templated":true}]}}